{"id":833,"date":"2025-10-02T18:48:33","date_gmt":"2025-10-02T16:48:33","guid":{"rendered":"https:\/\/attume.com\/?page_id=833"},"modified":"2025-10-06T19:15:42","modified_gmt":"2025-10-06T17:15:42","slug":"kontakt","status":"publish","type":"page","link":"https:\/\/attume.com\/index.php\/kontakt\/","title":{"rendered":"Kontakt"},"content":{"rendered":"\n<p class=\"has-vivid-red-color has-text-color has-link-color wp-elements-be2dda506697feddfc432e112b162c78\">Je\u017celi chcesz si\u0119 z nami skontaktowa\u0107 w celu zadania pytania to zapraszamy do kontaktu.<\/p>\n\n\n\n<p><\/p>\n\n\n\n<p><\/p>\n\n\n\n<div class=\"wp-block-group is-nowrap is-layout-flex wp-container-core-group-is-layout-ad2f72ca wp-block-group-is-layout-flex\">\n<figure class=\"wp-block-image is-resized is-style-default wp-duotone-ffffff-ffffff-1\"><img loading=\"lazy\" decoding=\"async\" width=\"1024\" height=\"1024\" src=\"https:\/\/attume.com\/wp-content\/uploads\/2025\/10\/ChatGPT-Image-6-paz-2025-18_57_37.png\" alt=\"\" class=\"wp-image-891\" style=\"width:33px;height:auto\" srcset=\"https:\/\/attume.com\/wp-content\/uploads\/2025\/10\/ChatGPT-Image-6-paz-2025-18_57_37.png 1024w, https:\/\/attume.com\/wp-content\/uploads\/2025\/10\/ChatGPT-Image-6-paz-2025-18_57_37-300x300.png 300w, https:\/\/attume.com\/wp-content\/uploads\/2025\/10\/ChatGPT-Image-6-paz-2025-18_57_37-150x150.png 150w, https:\/\/attume.com\/wp-content\/uploads\/2025\/10\/ChatGPT-Image-6-paz-2025-18_57_37-768x768.png 768w\" sizes=\"auto, (max-width: 1024px) 100vw, 1024px\" \/><\/figure>\n\n\n\n<p class=\"has-vivid-red-color has-text-color has-link-color wp-elements-2e6874be193d9fe928547cc6aec5dd79\">ul. Z\u0142ota 75A\/7 , Warszawa<\/p>\n<\/div>\n\n\n\n<div class=\"wp-block-group is-nowrap is-layout-flex wp-container-core-group-is-layout-ad2f72ca wp-block-group-is-layout-flex\">\n<figure class=\"wp-block-image is-resized is-style-default wp-duotone-ffffff-ffffff-2\"><img loading=\"lazy\" decoding=\"async\" width=\"1024\" height=\"1024\" src=\"https:\/\/attume.com\/wp-content\/uploads\/2025\/10\/ChatGPT-Image-6-paz-2025-19_11_10.png\" alt=\"\" class=\"wp-image-897\" style=\"width:33px;height:auto\" srcset=\"https:\/\/attume.com\/wp-content\/uploads\/2025\/10\/ChatGPT-Image-6-paz-2025-19_11_10.png 1024w, https:\/\/attume.com\/wp-content\/uploads\/2025\/10\/ChatGPT-Image-6-paz-2025-19_11_10-300x300.png 300w, https:\/\/attume.com\/wp-content\/uploads\/2025\/10\/ChatGPT-Image-6-paz-2025-19_11_10-150x150.png 150w, https:\/\/attume.com\/wp-content\/uploads\/2025\/10\/ChatGPT-Image-6-paz-2025-19_11_10-768x768.png 768w\" sizes=\"auto, (max-width: 1024px) 100vw, 1024px\" \/><\/figure>\n\n\n\n<p class=\"has-vivid-red-color has-text-color has-link-color wp-elements-fa817f2183ec3bb418617e7680d79e05\">box@attume.com<\/p>\n<\/div>\n\n\n\n<div class=\"wp-block-group is-nowrap is-layout-flex wp-container-core-group-is-layout-ad2f72ca wp-block-group-is-layout-flex\">\n<figure class=\"wp-block-image is-resized is-style-default wp-duotone-ffffff-ffffff-3\"><img loading=\"lazy\" decoding=\"async\" width=\"1024\" height=\"1024\" src=\"https:\/\/attume.com\/wp-content\/uploads\/2025\/10\/ChatGPT-Image-6-paz-2025-19_04_57.png\" alt=\"\" class=\"wp-image-892\" style=\"width:33px;height:auto\" srcset=\"https:\/\/attume.com\/wp-content\/uploads\/2025\/10\/ChatGPT-Image-6-paz-2025-19_04_57.png 1024w, https:\/\/attume.com\/wp-content\/uploads\/2025\/10\/ChatGPT-Image-6-paz-2025-19_04_57-300x300.png 300w, https:\/\/attume.com\/wp-content\/uploads\/2025\/10\/ChatGPT-Image-6-paz-2025-19_04_57-150x150.png 150w, https:\/\/attume.com\/wp-content\/uploads\/2025\/10\/ChatGPT-Image-6-paz-2025-19_04_57-768x768.png 768w\" sizes=\"auto, (max-width: 1024px) 100vw, 1024px\" \/><\/figure>\n\n\n\n<p class=\"has-vivid-red-color has-text-color has-link-color wp-elements-125679dec991c99bd79aa35af0ab3939\">+48 502 999 918<\/p>\n\n\n\n<p><\/p>\n<\/div>\n\n\n\n<p><\/p>\n","protected":false},"excerpt":{"rendered":"<p>Je\u017celi chcesz si\u0119 z nami skontaktowa\u0107 w celu zadania pytania to zapraszamy do kontaktu. ul. Z\u0142ota 75A\/7 , Warszawa box@attume.com +48 502 999 918<\/p>\n","protected":false},"author":1,"featured_media":0,"parent":0,"menu_order":0,"comment_status":"closed","ping_status":"closed","template":"","meta":{"footnotes":""},"class_list":["post-833","page","type-page","status-publish","hentry"],"_links":{"self":[{"href":"https:\/\/attume.com\/index.php\/wp-json\/wp\/v2\/pages\/833","targetHints":{"allow":["GET"]}}],"collection":[{"href":"https:\/\/attume.com\/index.php\/wp-json\/wp\/v2\/pages"}],"about":[{"href":"https:\/\/attume.com\/index.php\/wp-json\/wp\/v2\/types\/page"}],"author":[{"embeddable":true,"href":"https:\/\/attume.com\/index.php\/wp-json\/wp\/v2\/users\/1"}],"replies":[{"embeddable":true,"href":"https:\/\/attume.com\/index.php\/wp-json\/wp\/v2\/comments?post=833"}],"version-history":[{"count":17,"href":"https:\/\/attume.com\/index.php\/wp-json\/wp\/v2\/pages\/833\/revisions"}],"predecessor-version":[{"id":899,"href":"https:\/\/attume.com\/index.php\/wp-json\/wp\/v2\/pages\/833\/revisions\/899"}],"wp:attachment":[{"href":"https:\/\/attume.com\/index.php\/wp-json\/wp\/v2\/media?parent=833"}],"curies":[{"name":"wp","href":"https:\/\/api.w.org\/{rel}","templated":true}]}}