{"id":829,"date":"2025-10-02T18:46:19","date_gmt":"2025-10-02T16:46:19","guid":{"rendered":"https:\/\/attume.com\/?page_id=829"},"modified":"2025-10-06T18:46:28","modified_gmt":"2025-10-06T16:46:28","slug":"aktualnosci","status":"publish","type":"page","link":"https:\/\/attume.com\/index.php\/aktualnosci\/","title":{"rendered":"Aktualno\u015bci"},"content":{"rendered":"\n<p class=\"has-vivid-red-color has-text-color has-link-color has-large-font-size wp-elements-45d0db1d537ecbe162cb078a3cecd753\" style=\"font-style:normal;font-weight:800\">Trwaj\u0105 prace przy budowie serwisu<\/p>\n\n\n\n<p class=\"has-vivid-red-color has-text-color has-link-color has-large-font-size wp-elements-e712f9da051706729b187fd3818c6900\" style=\"font-style:normal;font-weight:800\">Zapraszamy ponownie<\/p>\n\n\n\n<p class=\"has-vivid-red-color has-text-color has-link-color has-large-font-size wp-elements-debe1846b9a23cd1445241b129843c75\" style=\"font-style:normal;font-weight:800\">Zesp\u00f3\u0142 Attume<\/p>\n\n\n\n<p class=\"has-vivid-red-color has-text-color has-link-color has-large-font-size wp-elements-199526038b4f0fe904d10ef1414233ea\" style=\"font-style:normal;font-weight:800\">&#8230; : )<\/p>\n","protected":false},"excerpt":{"rendered":"<p>Trwaj\u0105 prace przy budowie serwisu Zapraszamy ponownie Zesp\u00f3\u0142 Attume &#8230; : )<\/p>\n","protected":false},"author":1,"featured_media":0,"parent":0,"menu_order":0,"comment_status":"closed","ping_status":"closed","template":"","meta":{"footnotes":""},"class_list":["post-829","page","type-page","status-publish","hentry"],"_links":{"self":[{"href":"https:\/\/attume.com\/index.php\/wp-json\/wp\/v2\/pages\/829","targetHints":{"allow":["GET"]}}],"collection":[{"href":"https:\/\/attume.com\/index.php\/wp-json\/wp\/v2\/pages"}],"about":[{"href":"https:\/\/attume.com\/index.php\/wp-json\/wp\/v2\/types\/page"}],"author":[{"embeddable":true,"href":"https:\/\/attume.com\/index.php\/wp-json\/wp\/v2\/users\/1"}],"replies":[{"embeddable":true,"href":"https:\/\/attume.com\/index.php\/wp-json\/wp\/v2\/comments?post=829"}],"version-history":[{"count":2,"href":"https:\/\/attume.com\/index.php\/wp-json\/wp\/v2\/pages\/829\/revisions"}],"predecessor-version":[{"id":869,"href":"https:\/\/attume.com\/index.php\/wp-json\/wp\/v2\/pages\/829\/revisions\/869"}],"wp:attachment":[{"href":"https:\/\/attume.com\/index.php\/wp-json\/wp\/v2\/media?parent=829"}],"curies":[{"name":"wp","href":"https:\/\/api.w.org\/{rel}","templated":true}]}}