{"id":8,"date":"2025-09-30T23:27:20","date_gmt":"2025-09-30T21:27:20","guid":{"rendered":"https:\/\/attume.com\/index.php\/home\/"},"modified":"2025-10-06T18:45:53","modified_gmt":"2025-10-06T16:45:53","slug":"home","status":"publish","type":"page","link":"https:\/\/attume.com\/","title":{"rendered":"Strona g\u0142\u00f3wna"},"content":{"rendered":"\n<p class=\"has-vivid-red-color has-text-color has-link-color has-large-font-size wp-elements-45d0db1d537ecbe162cb078a3cecd753\" style=\"font-style:normal;font-weight:800\">Trwaj\u0105 prace przy budowie serwisu<\/p>\n\n\n\n<p class=\"has-vivid-red-color has-text-color has-link-color has-large-font-size wp-elements-e712f9da051706729b187fd3818c6900\" style=\"font-style:normal;font-weight:800\">Zapraszamy ponownie<\/p>\n\n\n\n<p class=\"has-vivid-red-color has-text-color has-link-color has-large-font-size wp-elements-debe1846b9a23cd1445241b129843c75\" style=\"font-style:normal;font-weight:800\">Zesp\u00f3\u0142 Attume<\/p>\n\n\n\n<p class=\"has-vivid-red-color has-text-color has-link-color has-large-font-size wp-elements-199526038b4f0fe904d10ef1414233ea\" style=\"font-style:normal;font-weight:800\">&#8230; : )<\/p>\n\n\n\n<p><\/p>\n","protected":false},"excerpt":{"rendered":"<p>Trwaj\u0105 prace przy budowie serwisu Zapraszamy ponownie Zesp\u00f3\u0142 Attume &#8230; : )<\/p>\n","protected":false},"author":1,"featured_media":0,"parent":0,"menu_order":0,"comment_status":"closed","ping_status":"closed","template":"page-templates\/frontpage.php","meta":{"footnotes":""},"class_list":["post-8","page","type-page","status-publish","hentry"],"_links":{"self":[{"href":"https:\/\/attume.com\/index.php\/wp-json\/wp\/v2\/pages\/8","targetHints":{"allow":["GET"]}}],"collection":[{"href":"https:\/\/attume.com\/index.php\/wp-json\/wp\/v2\/pages"}],"about":[{"href":"https:\/\/attume.com\/index.php\/wp-json\/wp\/v2\/types\/page"}],"author":[{"embeddable":true,"href":"https:\/\/attume.com\/index.php\/wp-json\/wp\/v2\/users\/1"}],"replies":[{"embeddable":true,"href":"https:\/\/attume.com\/index.php\/wp-json\/wp\/v2\/comments?post=8"}],"version-history":[{"count":8,"href":"https:\/\/attume.com\/index.php\/wp-json\/wp\/v2\/pages\/8\/revisions"}],"predecessor-version":[{"id":867,"href":"https:\/\/attume.com\/index.php\/wp-json\/wp\/v2\/pages\/8\/revisions\/867"}],"wp:attachment":[{"href":"https:\/\/attume.com\/index.php\/wp-json\/wp\/v2\/media?parent=8"}],"curies":[{"name":"wp","href":"https:\/\/api.w.org\/{rel}","templated":true}]}}